{"id":145186,"date":"2021-03-27T09:33:11","date_gmt":"2021-03-27T09:33:11","guid":{"rendered":"https:\/\/canarianluxury.com\/about-us\/"},"modified":"2021-10-24T20:00:40","modified_gmt":"2021-10-24T20:00:40","slug":"a-propos-de-nous","status":"publish","type":"page","link":"https:\/\/canarianluxury.com\/fr\/a-propos-de-nous\/","title":{"rendered":"\u00c0 propos de nous"},"content":{"rendered":"<div class=\"about bg-white\">\r\n  <div>\r\n      <div class=\"heading heading-3\">\r\n          <h2 class=\"heading--title mb-30\">Canarian Luxury<\/h2>\r\n      <\/div>\r\n      <!-- .heading-title end -->\r\n      <div class=\"about--panel\">\r\n          <h3>Plus de 10 ans sur le march\u00e9 immobilier de Tenerife. Nous savons r\u00e9aliser votre r\u00eave et trouver pour vous l'endroit id\u00e9al sous le soleil sur l'\u00eele du printemps \u00e9ternel.<\/h3>\r\n          <ul>\r\n            <li>Les meilleurs experts veilleront \u00e0 ce que le processus d'achat soit agr\u00e9able et productif.<\/li>\r\n            <li>Nos experts parlent votre langue.<\/li>\r\n            <li>Nous avons rassembl\u00e9 pour vous la base de donn\u00e9es la plus compl\u00e8te et la plus \u00e0 jour de propri\u00e9t\u00e9s de luxe digne de votre attention.<\/li>\r\n            <li>Nous vous rencontrerons dans notre confortable bureau de la Plaza del Duque et vous accompagnerons tout au long de la s\u00e9lection de la propri\u00e9t\u00e9 jusqu'\u00e0 l'achat et au service apr\u00e8s-vente.<\/li>\r\n          <\/ul>\r\n      <\/div>\r\n      <!-- .about-panel end -->\r\n      <div class=\"about--panel\">\r\n          <h3>D\u00e9tendez-vous, vous \u00eates entre de bonnes mains.<\/h3>\r\n      <\/div>\r\n      <!-- .about-panel end -->\r\n  <\/div>\r\n<\/div>","protected":false},"excerpt":{"rendered":"<p>Canarian Luxury Plus de 10 ans sur le march\u00e9 immobilier de Tenerife. Nous savons r\u00e9aliser votre r\u00eave et trouver pour vous l&rsquo;endroit id\u00e9al sous le soleil sur l&rsquo;\u00eele du printemps \u00e9ternel. Les meilleurs experts veilleront \u00e0 ce que le processus d&rsquo;achat soit agr\u00e9able et productif. Nos experts parlent votre langue. Nous avons rassembl\u00e9 pour vous [&hellip;]<\/p>\n","protected":false},"author":1,"featured_media":145147,"parent":0,"menu_order":0,"comment_status":"closed","ping_status":"closed","template":"","meta":{"_acf_changed":false,"footnotes":""},"class_list":["post-145186","page","type-page","status-publish","has-post-thumbnail","hentry"],"acf":[],"yoast_head":"<!-- This site is optimized with the Yoast SEO plugin v27.3 - https:\/\/yoast.com\/product\/yoast-seo-wordpress\/ -->\n<title>\u00c0 propos de nous - Canarian Luxury Properties<\/title>\n<meta name=\"description\" content=\"\u00c0 propos de nous\" \/>\n<meta name=\"robots\" content=\"index, follow, max-snippet:-1, max-image-preview:large, max-video-preview:-1\" \/>\n<link rel=\"canonical\" href=\"https:\/\/canarianluxury.com\/fr\/a-propos-de-nous\/\" \/>\n<meta property=\"og:locale\" content=\"fr_FR\" \/>\n<meta property=\"og:type\" content=\"article\" \/>\n<meta property=\"og:title\" content=\"\u00c0 propos de nous - Canarian Luxury Properties\" \/>\n<meta property=\"og:description\" content=\"\u00c0 propos de nous\" \/>\n<meta property=\"og:url\" content=\"https:\/\/canarianluxury.com\/fr\/a-propos-de-nous\/\" \/>\n<meta property=\"og:site_name\" content=\"Canarian Luxury Properties\" \/>\n<meta property=\"article:publisher\" content=\"https:\/\/www.facebook.com\/vym.canarias\" \/>\n<meta property=\"article:modified_time\" content=\"2021-10-24T20:00:40+00:00\" \/>\n<meta property=\"og:image\" content=\"https:\/\/canarianluxury.com\/wp-content\/uploads\/2019\/10\/Lux-banner-1.jpeg\" \/>\n\t<meta property=\"og:image:width\" content=\"1920\" \/>\n\t<meta property=\"og:image:height\" content=\"720\" \/>\n\t<meta property=\"og:image:type\" content=\"image\/jpeg\" \/>\n<meta name=\"twitter:card\" content=\"summary_large_image\" \/>\n<meta name=\"twitter:label1\" content=\"Dur\u00e9e de lecture estim\u00e9e\" \/>\n\t<meta name=\"twitter:data1\" content=\"1 minute\" \/>\n<script type=\"application\/ld+json\" class=\"yoast-schema-graph\">{\"@context\":\"https:\\\/\\\/schema.org\",\"@graph\":[{\"@type\":\"WebPage\",\"@id\":\"https:\\\/\\\/canarianluxury.com\\\/fr\\\/a-propos-de-nous\\\/\",\"url\":\"https:\\\/\\\/canarianluxury.com\\\/fr\\\/a-propos-de-nous\\\/\",\"name\":\"\u00c0 propos de nous - Canarian Luxury Properties\",\"isPartOf\":{\"@id\":\"https:\\\/\\\/canarianluxury.com\\\/fr\\\/#website\"},\"primaryImageOfPage\":{\"@id\":\"https:\\\/\\\/canarianluxury.com\\\/fr\\\/a-propos-de-nous\\\/#primaryimage\"},\"image\":{\"@id\":\"https:\\\/\\\/canarianluxury.com\\\/fr\\\/a-propos-de-nous\\\/#primaryimage\"},\"thumbnailUrl\":\"https:\\\/\\\/canarianluxury.com\\\/wp-content\\\/uploads\\\/2019\\\/10\\\/Lux-banner-1.jpeg\",\"datePublished\":\"2021-03-27T09:33:11+00:00\",\"dateModified\":\"2021-10-24T20:00:40+00:00\",\"description\":\"\u00c0 propos de nous\",\"breadcrumb\":{\"@id\":\"https:\\\/\\\/canarianluxury.com\\\/fr\\\/a-propos-de-nous\\\/#breadcrumb\"},\"inLanguage\":\"fr-FR\",\"potentialAction\":[{\"@type\":\"ReadAction\",\"target\":[\"https:\\\/\\\/canarianluxury.com\\\/fr\\\/a-propos-de-nous\\\/\"]}]},{\"@type\":\"ImageObject\",\"inLanguage\":\"fr-FR\",\"@id\":\"https:\\\/\\\/canarianluxury.com\\\/fr\\\/a-propos-de-nous\\\/#primaryimage\",\"url\":\"https:\\\/\\\/canarianluxury.com\\\/wp-content\\\/uploads\\\/2019\\\/10\\\/Lux-banner-1.jpeg\",\"contentUrl\":\"https:\\\/\\\/canarianluxury.com\\\/wp-content\\\/uploads\\\/2019\\\/10\\\/Lux-banner-1.jpeg\",\"width\":1920,\"height\":720},{\"@type\":\"BreadcrumbList\",\"@id\":\"https:\\\/\\\/canarianluxury.com\\\/fr\\\/a-propos-de-nous\\\/#breadcrumb\",\"itemListElement\":[{\"@type\":\"ListItem\",\"position\":1,\"name\":\"Home\",\"item\":\"https:\\\/\\\/canarianluxury.com\\\/fr\\\/\"},{\"@type\":\"ListItem\",\"position\":2,\"name\":\"\u00c0 propos de nous\"}]},{\"@type\":\"WebSite\",\"@id\":\"https:\\\/\\\/canarianluxury.com\\\/fr\\\/#website\",\"url\":\"https:\\\/\\\/canarianluxury.com\\\/fr\\\/\",\"name\":\"Canarian Luxury Properties\",\"description\":\"Luxury Real Estate in Tenerife\",\"potentialAction\":[{\"@type\":\"SearchAction\",\"target\":{\"@type\":\"EntryPoint\",\"urlTemplate\":\"https:\\\/\\\/canarianluxury.com\\\/fr\\\/?s={search_term_string}\"},\"query-input\":{\"@type\":\"PropertyValueSpecification\",\"valueRequired\":true,\"valueName\":\"search_term_string\"}}],\"inLanguage\":\"fr-FR\"}]}<\/script>\n<!-- \/ Yoast SEO plugin. -->","yoast_head_json":{"title":"\u00c0 propos de nous - Canarian Luxury Properties","description":"\u00c0 propos de nous","robots":{"index":"index","follow":"follow","max-snippet":"max-snippet:-1","max-image-preview":"max-image-preview:large","max-video-preview":"max-video-preview:-1"},"canonical":"https:\/\/canarianluxury.com\/fr\/a-propos-de-nous\/","og_locale":"fr_FR","og_type":"article","og_title":"\u00c0 propos de nous - Canarian Luxury Properties","og_description":"\u00c0 propos de nous","og_url":"https:\/\/canarianluxury.com\/fr\/a-propos-de-nous\/","og_site_name":"Canarian Luxury Properties","article_publisher":"https:\/\/www.facebook.com\/vym.canarias","article_modified_time":"2021-10-24T20:00:40+00:00","og_image":[{"width":1920,"height":720,"url":"https:\/\/canarianluxury.com\/wp-content\/uploads\/2019\/10\/Lux-banner-1.jpeg","type":"image\/jpeg"}],"twitter_card":"summary_large_image","twitter_misc":{"Dur\u00e9e de lecture estim\u00e9e":"1 minute"},"schema":{"@context":"https:\/\/schema.org","@graph":[{"@type":"WebPage","@id":"https:\/\/canarianluxury.com\/fr\/a-propos-de-nous\/","url":"https:\/\/canarianluxury.com\/fr\/a-propos-de-nous\/","name":"\u00c0 propos de nous - Canarian Luxury Properties","isPartOf":{"@id":"https:\/\/canarianluxury.com\/fr\/#website"},"primaryImageOfPage":{"@id":"https:\/\/canarianluxury.com\/fr\/a-propos-de-nous\/#primaryimage"},"image":{"@id":"https:\/\/canarianluxury.com\/fr\/a-propos-de-nous\/#primaryimage"},"thumbnailUrl":"https:\/\/canarianluxury.com\/wp-content\/uploads\/2019\/10\/Lux-banner-1.jpeg","datePublished":"2021-03-27T09:33:11+00:00","dateModified":"2021-10-24T20:00:40+00:00","description":"\u00c0 propos de nous","breadcrumb":{"@id":"https:\/\/canarianluxury.com\/fr\/a-propos-de-nous\/#breadcrumb"},"inLanguage":"fr-FR","potentialAction":[{"@type":"ReadAction","target":["https:\/\/canarianluxury.com\/fr\/a-propos-de-nous\/"]}]},{"@type":"ImageObject","inLanguage":"fr-FR","@id":"https:\/\/canarianluxury.com\/fr\/a-propos-de-nous\/#primaryimage","url":"https:\/\/canarianluxury.com\/wp-content\/uploads\/2019\/10\/Lux-banner-1.jpeg","contentUrl":"https:\/\/canarianluxury.com\/wp-content\/uploads\/2019\/10\/Lux-banner-1.jpeg","width":1920,"height":720},{"@type":"BreadcrumbList","@id":"https:\/\/canarianluxury.com\/fr\/a-propos-de-nous\/#breadcrumb","itemListElement":[{"@type":"ListItem","position":1,"name":"Home","item":"https:\/\/canarianluxury.com\/fr\/"},{"@type":"ListItem","position":2,"name":"\u00c0 propos de nous"}]},{"@type":"WebSite","@id":"https:\/\/canarianluxury.com\/fr\/#website","url":"https:\/\/canarianluxury.com\/fr\/","name":"Canarian Luxury Properties","description":"Luxury Real Estate in Tenerife","potentialAction":[{"@type":"SearchAction","target":{"@type":"EntryPoint","urlTemplate":"https:\/\/canarianluxury.com\/fr\/?s={search_term_string}"},"query-input":{"@type":"PropertyValueSpecification","valueRequired":true,"valueName":"search_term_string"}}],"inLanguage":"fr-FR"}]}},"_links":{"self":[{"href":"https:\/\/canarianluxury.com\/fr\/wp-json\/wp\/v2\/pages\/145186","targetHints":{"allow":["GET"]}}],"collection":[{"href":"https:\/\/canarianluxury.com\/fr\/wp-json\/wp\/v2\/pages"}],"about":[{"href":"https:\/\/canarianluxury.com\/fr\/wp-json\/wp\/v2\/types\/page"}],"author":[{"embeddable":true,"href":"https:\/\/canarianluxury.com\/fr\/wp-json\/wp\/v2\/users\/1"}],"replies":[{"embeddable":true,"href":"https:\/\/canarianluxury.com\/fr\/wp-json\/wp\/v2\/comments?post=145186"}],"version-history":[{"count":0,"href":"https:\/\/canarianluxury.com\/fr\/wp-json\/wp\/v2\/pages\/145186\/revisions"}],"wp:featuredmedia":[{"embeddable":true,"href":"https:\/\/canarianluxury.com\/fr\/wp-json\/wp\/v2\/media\/145147"}],"wp:attachment":[{"href":"https:\/\/canarianluxury.com\/fr\/wp-json\/wp\/v2\/media?parent=145186"}],"curies":[{"name":"wp","href":"https:\/\/api.w.org\/{rel}","templated":true}]}}