{"id":145155,"date":"2019-07-27T20:27:36","date_gmt":"2019-07-27T20:27:36","guid":{"rendered":"https:\/\/canarianluxury.com\/sell-property\/"},"modified":"2021-10-24T20:54:44","modified_gmt":"2021-10-24T20:54:44","slug":"vendre-une-propriete","status":"publish","type":"page","link":"https:\/\/canarianluxury.com\/fr\/vendre-une-propriete\/","title":{"rendered":"Vendre une propri\u00e9t\u00e9"},"content":{"rendered":"<!-- Feature ============================================= -->\r\n<section id=\"feature\" class=\"feature feature-left pt-90 pb-30\">\r\n    <div class=\"container\">\r\n        <div class=\"row\">\r\n            <div class=\"col-xs-12 col-sm-12 col-md-12\">\r\n                <div class=\"heading heading-2 text-center mb-70\">\r\n                    <h2 class=\"heading--title\">Ce que nous offrons<\/h2>\r\n                    <p class=\"heading--desc\">\r\n                      Si vous \u00eates propri\u00e9taire d'une propri\u00e9t\u00e9 de luxe et que vous souhaitez la vendre, nous vous aiderons \u00e0 concr\u00e9tiser votre id\u00e9e.\r\n                    <\/p>\r\n                <\/div>\r\n                <!-- .heading-title end -->\r\n            <\/div>\r\n            <!-- .col-md-12 end -->\r\n        <\/div>\r\n        <!-- .row end -->\r\n        <div class=\"row\">\r\n            <!-- feature Panel #1 -->\r\n            <div class=\"col-xs-12 col-sm-6 col-md-6\">\r\n                <div class=\"feature-panel\">\r\n                    <div class=\"feature--icon\">\r\n                        <img decoding=\"async\" src=\"https:\/\/canarianluxury.com\/wp-content\/uploads\/2021\/05\/icon-home.png\" alt=\"icon img\" style=\"width: 50px;\">\r\n                    <\/div>\r\n                    <div class=\"feature--content\">\r\n                        <h3>\u00c9valuation immobili\u00e8re<\/h3>\r\n                        <p>Notre expert viendra chez vous et fera une \u00e9valuation.<\/p>\r\n                    <\/div>\r\n                <\/div>\r\n                <!-- .feature-panel end -->\r\n            <\/div>\r\n            <!-- .col-md-6 end -->\r\n            <!-- feature Panel #2 -->\r\n            <div class=\"col-xs-12 col-sm-6 col-md-6\">\r\n                <div class=\"feature-panel\">\r\n                    <div class=\"feature--icon\">\r\n                        <img decoding=\"async\" src=\"https:\/\/canarianluxury.com\/wp-content\/uploads\/2021\/05\/icon-promotion.png\" alt=\"icon img\" style=\"width: 50px;\">\r\n                    <\/div>\r\n                    <div class=\"feature--content\">\r\n                        <h3>Promotion immobili\u00e8re<\/h3>\r\n                        <p>Nous inviterons un photographe professionnel \u00e0 pr\u00e9parer de belles photos et vid\u00e9os.<\/p>\r\n                    <\/div>\r\n                <\/div>\r\n                <!-- .feature-panel end -->\r\n            <\/div>\r\n            <!-- .col-md-6 end -->\r\n            <!-- feature Panel #3 -->\r\n            <div class=\"col-xs-12 col-sm-6 col-md-6\">\r\n                <div class=\"feature-panel\">\r\n                    <div class=\"feature--icon\">\r\n                        <img decoding=\"async\" src=\"https:\/\/canarianluxury.com\/wp-content\/uploads\/2021\/05\/icon-photo.png\" alt=\"icon img\" style=\"width: 50px;\">\r\n                    <\/div>\r\n                    <div class=\"feature--content\">\r\n                        <h3>Photographie professionnelle<\/h3>\r\n                        <p>Nous placerons votre propri\u00e9t\u00e9 sur les portails internationaux et locaux les plus connus, pour \u00eatre vus par autant d'acheteurs potentiels que possible.<\/p>\r\n                    <\/div>\r\n                <\/div>\r\n                <!-- .feature-panel end -->\r\n            <\/div>\r\n            <!-- .col-md-6 end -->\r\n            <!-- feature Panel #4 -->\r\n            <div class=\"col-xs-12 col-sm-6 col-md-6\">\r\n              <div class=\"feature-panel\">\r\n                  <div class=\"feature--icon\">\r\n                      <img decoding=\"async\" src=\"https:\/\/canarianluxury.com\/wp-content\/uploads\/2021\/05\/icons-care.png\" alt=\"icon img\" style=\"width: 50px;\">\r\n                  <\/div>\r\n                  <div class=\"feature--content\">\r\n                      <h3>Assistance<\/h3>\r\n                      <p>Nous vous informerons de tous les acheteurs potentiels int\u00e9ress\u00e9s et de leurs d\u00e9cisions. Confiez la vente de votre maison \u00e0 des professionnels.<\/p>\r\n                  <\/div>\r\n              <\/div>\r\n                <!-- .feature-panel end -->\r\n            <\/div>\r\n            <!-- .col-md-6 end -->\r\n        <\/div>\r\n        <!-- .row end -->\r\n\t\t\t\t<div class=\"row text-center\">\r\n\t\t\t\t\t<div class=\"col-md-12\">\r\n\t\t\t\t\t\t<h5 class=\"mt-20 mb-20\">Entrust the sale of your home to professionals.<\/h5>\r\n\t\t\t\t\t<\/div>\r\n\t\t\t\t<\/div>\r\n    <\/div>\r\n    <!-- .container end -->\r\n<\/section>\r\n<!-- .feature end -->\r\n\r\n<!-- Contact #2 ============================================= -->\r\n<section id=\"contact2\" class=\"contact contact-2 bg-gray text-center\">\r\n    <div class=\"container\">\r\n        <div class=\"row\">\r\n            <div class=\"col-md-offset-2 col-md-8\">\r\n                <div class=\"heading heading-2 mb-50\">\r\n                    <h2 class=\"heading--title\">Nous contacter<\/h2>\r\n                <\/div>\r\n                \n<div class=\"wpcf7 no-js\" id=\"wpcf7-f145415-o1\" lang=\"en-US\" dir=\"ltr\" data-wpcf7-id=\"145415\">\n<div class=\"screen-reader-response\"><p role=\"status\" aria-live=\"polite\" aria-atomic=\"true\"><\/p> <ul><\/ul><\/div>\n<form action=\"\/fr\/wp-json\/wp\/v2\/pages\/145155#wpcf7-f145415-o1\" method=\"post\" class=\"wpcf7-form init\" aria-label=\"Contact form\" novalidate=\"novalidate\" data-status=\"init\">\n<fieldset class=\"hidden-fields-container\"><input type=\"hidden\" name=\"_wpcf7\" value=\"145415\" \/><input type=\"hidden\" name=\"_wpcf7_version\" value=\"6.1.5\" \/><input type=\"hidden\" name=\"_wpcf7_locale\" value=\"en_US\" \/><input type=\"hidden\" name=\"_wpcf7_unit_tag\" value=\"wpcf7-f145415-o1\" \/><input type=\"hidden\" name=\"_wpcf7_container_post\" value=\"0\" \/><input type=\"hidden\" name=\"_wpcf7_posted_data_hash\" value=\"\" \/><input type=\"hidden\" name=\"_wpcf7_recaptcha_response\" value=\"\" \/>\n<\/fieldset>\n<div class=\"row\">\n\t<div class=\"col-xs-12 col-sm-12 col-md-4\">\n\t\t<div class=\"form-group\">\n\t\t\t<p><label for=\"contact-name\">Nom*<\/label><br \/>\n<span class=\"wpcf7-form-control-wrap\" data-name=\"contact_name\"><input size=\"40\" maxlength=\"400\" class=\"wpcf7-form-control wpcf7-text wpcf7-validates-as-required bg-white\" aria-required=\"true\" aria-invalid=\"false\" value=\"\" type=\"text\" name=\"contact_name\" \/><\/span>\n\t\t\t<\/p>\n\t\t<\/div>\n\t<\/div>\n\t<div class=\"col-xs-12 col-sm-12 col-md-4\">\n\t\t<div class=\"form-group\">\n\t\t\t<p><label for=\"contact-email\">Email*<\/label><br \/>\n<span class=\"wpcf7-form-control-wrap\" data-name=\"contact_email\"><input size=\"40\" maxlength=\"400\" class=\"wpcf7-form-control wpcf7-email wpcf7-validates-as-required wpcf7-text wpcf7-validates-as-email bg-white\" aria-required=\"true\" aria-invalid=\"false\" value=\"\" type=\"email\" name=\"contact_email\" \/><\/span>\n\t\t\t<\/p>\n\t\t<\/div>\n\t<\/div>\n\t<div class=\"col-xs-12 col-sm-12 col-md-4\">\n\t\t<div class=\"form-group\">\n\t\t\t<p><label for=\"phone-number\">T\u00e9l\u00e9phone*<\/label><br \/>\n<span class=\"wpcf7-form-control-wrap\" data-name=\"contact_phone\"><input size=\"40\" maxlength=\"400\" class=\"wpcf7-form-control wpcf7-text wpcf7-validates-as-required bg-white\" aria-required=\"true\" aria-invalid=\"false\" value=\"\" type=\"text\" name=\"contact_phone\" \/><\/span>\n\t\t\t<\/p>\n\t\t<\/div>\n\t<\/div>\n\t<div class=\"col-xs-12 col-sm-12 col-md-12\">\n\t\t<div class=\"form-group\">\n\t\t\t<p><label for=\"message\">Un message*<\/label><br \/>\n<span class=\"wpcf7-form-control-wrap\" data-name=\"contact_message\"><textarea cols=\"40\" rows=\"10\" maxlength=\"2000\" class=\"wpcf7-form-control wpcf7-textarea wpcf7-validates-as-required bg-white\" aria-required=\"true\" aria-invalid=\"false\" name=\"contact_message\"><\/textarea><\/span>\n\t\t\t<\/p>\n\t\t<\/div>\n\t<\/div>\n\t<div class=\"col-xs-12 col-sm-12 col-md-12\">\n\t\n\t\t<p><input class=\"wpcf7-form-control wpcf7-submit has-spinner btn btn--primary btn-width-auto\" type=\"submit\" value=\"Envoyer le message\" \/>\n\t\t<\/p>\n\t<\/div>\n<\/div><div class=\"wpcf7-response-output\" aria-hidden=\"true\"><\/div>\n<\/form>\n<\/div>\n\r\n            <\/div>\r\n            <!-- .col-md-12 end -->\r\n        <\/div>\r\n        <!-- .row end -->\r\n    <\/div>\r\n<\/section>\r\n<!-- #contact2  end -->\r\n\r\n<!-- cta #1 ============================================= -->\r\n<section id=\"cta\" class=\"cta cta-1 text-center bg-overlay bg-overlay-green pt-90\">\r\n  <div class=\"bg-section\"><img decoding=\"async\" src=\"\/wp-content\/uploads\/2019\/09\/vymcanarias-brand-vector.png\" alt=\"Background\"><\/div>\r\n  <div class=\"container\">\r\n    <div class=\"row\">\r\n      <div class=\"col-xs-12 col-sm-12 col-md-12\">\r\n        <h3>Base de donn\u00e9es compl\u00e8te de l'immobilier \u00e0 Tenerife<\/h3>\r\n        <a href=\"https:\/\/tenerifecenter.com\/fr\/\" class=\"btn btn--primary\">Afficher toutes les propri\u00e9t\u00e9s<\/i><\/a>\r\n      <\/div>\r\n      <!-- .col-md-12 -->\r\n    <\/div>\r\n    <!-- .row -->\r\n  <\/div>\r\n  <!-- .container -->\r\n<\/section>\r\n<!-- #cta1 end -->","protected":false},"excerpt":{"rendered":"<p>Ce que nous offrons Si vous \u00eates propri\u00e9taire d&rsquo;une propri\u00e9t\u00e9 de luxe et que vous souhaitez la vendre, nous vous aiderons \u00e0 concr\u00e9tiser votre id\u00e9e. \u00c9valuation immobili\u00e8re Notre expert viendra chez vous et fera une \u00e9valuation. Promotion immobili\u00e8re Nous inviterons un photographe professionnel \u00e0 pr\u00e9parer de belles photos et vid\u00e9os. Photographie professionnelle Nous placerons votre [&hellip;]<\/p>\n","protected":false},"author":1,"featured_media":145147,"parent":0,"menu_order":0,"comment_status":"closed","ping_status":"closed","template":"template-pages\/sell-property.php","meta":{"_acf_changed":false,"footnotes":""},"class_list":["post-145155","page","type-page","status-publish","has-post-thumbnail","hentry"],"acf":[],"yoast_head":"<!-- This site is optimized with the Yoast SEO plugin v27.4 - https:\/\/yoast.com\/product\/yoast-seo-wordpress\/ -->\n<title>Ventes de propri\u00e9t\u00e9s \u00e0 T\u00e9n\u00e9rife (Espagne) | Agence VYM Canaries<\/title>\n<meta name=\"description\" content=\"Besoin d&#039;aide pour acheter et vendre un bien immobilier \u00e0 Tenerife (\u00celes Canaries) ? Mettez les corv\u00e9es sur nos \u00e9paules. Nous vous accompagnons \u00e0 chaque \u00e9tape de la transaction.\" \/>\n<meta name=\"robots\" content=\"index, follow, max-snippet:-1, max-image-preview:large, max-video-preview:-1\" \/>\n<link rel=\"canonical\" href=\"https:\/\/canarianluxury.com\/fr\/vendre-une-propriete\/\" \/>\n<meta property=\"og:locale\" content=\"fr_FR\" \/>\n<meta property=\"og:type\" content=\"article\" \/>\n<meta property=\"og:title\" content=\"Ventes de propri\u00e9t\u00e9s \u00e0 T\u00e9n\u00e9rife (Espagne) | Agence VYM Canaries\" \/>\n<meta property=\"og:description\" content=\"Besoin d&#039;aide pour acheter et vendre un bien immobilier \u00e0 Tenerife (\u00celes Canaries) ? Mettez les corv\u00e9es sur nos \u00e9paules. Nous vous accompagnons \u00e0 chaque \u00e9tape de la transaction.\" \/>\n<meta property=\"og:url\" content=\"https:\/\/canarianluxury.com\/fr\/vendre-une-propriete\/\" \/>\n<meta property=\"og:site_name\" content=\"Canarian Luxury Properties\" \/>\n<meta property=\"article:publisher\" content=\"https:\/\/www.facebook.com\/vym.canarias\" \/>\n<meta property=\"article:modified_time\" content=\"2021-10-24T20:54:44+00:00\" \/>\n<meta property=\"og:image\" content=\"https:\/\/canarianluxury.com\/wp-content\/uploads\/2019\/10\/Lux-banner-1.jpeg\" \/>\n\t<meta property=\"og:image:width\" content=\"1920\" \/>\n\t<meta property=\"og:image:height\" content=\"720\" \/>\n\t<meta property=\"og:image:type\" content=\"image\/jpeg\" \/>\n<meta name=\"twitter:card\" content=\"summary_large_image\" \/>\n<meta name=\"twitter:label1\" content=\"Dur\u00e9e de lecture estim\u00e9e\" \/>\n\t<meta name=\"twitter:data1\" content=\"1 minute\" \/>\n<script type=\"application\/ld+json\" class=\"yoast-schema-graph\">{\"@context\":\"https:\\\/\\\/schema.org\",\"@graph\":[{\"@type\":\"WebPage\",\"@id\":\"https:\\\/\\\/canarianluxury.com\\\/fr\\\/vendre-une-propriete\\\/\",\"url\":\"https:\\\/\\\/canarianluxury.com\\\/fr\\\/vendre-une-propriete\\\/\",\"name\":\"Ventes de propri\u00e9t\u00e9s \u00e0 T\u00e9n\u00e9rife (Espagne) | Agence VYM Canaries\",\"isPartOf\":{\"@id\":\"https:\\\/\\\/canarianluxury.com\\\/fr\\\/#website\"},\"primaryImageOfPage\":{\"@id\":\"https:\\\/\\\/canarianluxury.com\\\/fr\\\/vendre-une-propriete\\\/#primaryimage\"},\"image\":{\"@id\":\"https:\\\/\\\/canarianluxury.com\\\/fr\\\/vendre-une-propriete\\\/#primaryimage\"},\"thumbnailUrl\":\"https:\\\/\\\/canarianluxury.com\\\/wp-content\\\/uploads\\\/2019\\\/10\\\/Lux-banner-1.jpeg\",\"datePublished\":\"2019-07-27T20:27:36+00:00\",\"dateModified\":\"2021-10-24T20:54:44+00:00\",\"description\":\"Besoin d'aide pour acheter et vendre un bien immobilier \u00e0 Tenerife (\u00celes Canaries) ? Mettez les corv\u00e9es sur nos \u00e9paules. Nous vous accompagnons \u00e0 chaque \u00e9tape de la transaction.\",\"breadcrumb\":{\"@id\":\"https:\\\/\\\/canarianluxury.com\\\/fr\\\/vendre-une-propriete\\\/#breadcrumb\"},\"inLanguage\":\"fr-FR\",\"potentialAction\":[{\"@type\":\"ReadAction\",\"target\":[\"https:\\\/\\\/canarianluxury.com\\\/fr\\\/vendre-une-propriete\\\/\"]}]},{\"@type\":\"ImageObject\",\"inLanguage\":\"fr-FR\",\"@id\":\"https:\\\/\\\/canarianluxury.com\\\/fr\\\/vendre-une-propriete\\\/#primaryimage\",\"url\":\"https:\\\/\\\/canarianluxury.com\\\/wp-content\\\/uploads\\\/2019\\\/10\\\/Lux-banner-1.jpeg\",\"contentUrl\":\"https:\\\/\\\/canarianluxury.com\\\/wp-content\\\/uploads\\\/2019\\\/10\\\/Lux-banner-1.jpeg\",\"width\":1920,\"height\":720},{\"@type\":\"BreadcrumbList\",\"@id\":\"https:\\\/\\\/canarianluxury.com\\\/fr\\\/vendre-une-propriete\\\/#breadcrumb\",\"itemListElement\":[{\"@type\":\"ListItem\",\"position\":1,\"name\":\"Home\",\"item\":\"https:\\\/\\\/canarianluxury.com\\\/fr\\\/\"},{\"@type\":\"ListItem\",\"position\":2,\"name\":\"Vendre une propri\u00e9t\u00e9\"}]},{\"@type\":\"WebSite\",\"@id\":\"https:\\\/\\\/canarianluxury.com\\\/fr\\\/#website\",\"url\":\"https:\\\/\\\/canarianluxury.com\\\/fr\\\/\",\"name\":\"Canarian Luxury Properties\",\"description\":\"Luxury Real Estate in Tenerife\",\"potentialAction\":[{\"@type\":\"SearchAction\",\"target\":{\"@type\":\"EntryPoint\",\"urlTemplate\":\"https:\\\/\\\/canarianluxury.com\\\/fr\\\/?s={search_term_string}\"},\"query-input\":{\"@type\":\"PropertyValueSpecification\",\"valueRequired\":true,\"valueName\":\"search_term_string\"}}],\"inLanguage\":\"fr-FR\"}]}<\/script>\n<!-- \/ Yoast SEO plugin. -->","yoast_head_json":{"title":"Ventes de propri\u00e9t\u00e9s \u00e0 T\u00e9n\u00e9rife (Espagne) | Agence VYM Canaries","description":"Besoin d'aide pour acheter et vendre un bien immobilier \u00e0 Tenerife (\u00celes Canaries) ? Mettez les corv\u00e9es sur nos \u00e9paules. Nous vous accompagnons \u00e0 chaque \u00e9tape de la transaction.","robots":{"index":"index","follow":"follow","max-snippet":"max-snippet:-1","max-image-preview":"max-image-preview:large","max-video-preview":"max-video-preview:-1"},"canonical":"https:\/\/canarianluxury.com\/fr\/vendre-une-propriete\/","og_locale":"fr_FR","og_type":"article","og_title":"Ventes de propri\u00e9t\u00e9s \u00e0 T\u00e9n\u00e9rife (Espagne) | Agence VYM Canaries","og_description":"Besoin d'aide pour acheter et vendre un bien immobilier \u00e0 Tenerife (\u00celes Canaries) ? Mettez les corv\u00e9es sur nos \u00e9paules. Nous vous accompagnons \u00e0 chaque \u00e9tape de la transaction.","og_url":"https:\/\/canarianluxury.com\/fr\/vendre-une-propriete\/","og_site_name":"Canarian Luxury Properties","article_publisher":"https:\/\/www.facebook.com\/vym.canarias","article_modified_time":"2021-10-24T20:54:44+00:00","og_image":[{"width":1920,"height":720,"url":"https:\/\/canarianluxury.com\/wp-content\/uploads\/2019\/10\/Lux-banner-1.jpeg","type":"image\/jpeg"}],"twitter_card":"summary_large_image","twitter_misc":{"Dur\u00e9e de lecture estim\u00e9e":"1 minute"},"schema":{"@context":"https:\/\/schema.org","@graph":[{"@type":"WebPage","@id":"https:\/\/canarianluxury.com\/fr\/vendre-une-propriete\/","url":"https:\/\/canarianluxury.com\/fr\/vendre-une-propriete\/","name":"Ventes de propri\u00e9t\u00e9s \u00e0 T\u00e9n\u00e9rife (Espagne) | Agence VYM Canaries","isPartOf":{"@id":"https:\/\/canarianluxury.com\/fr\/#website"},"primaryImageOfPage":{"@id":"https:\/\/canarianluxury.com\/fr\/vendre-une-propriete\/#primaryimage"},"image":{"@id":"https:\/\/canarianluxury.com\/fr\/vendre-une-propriete\/#primaryimage"},"thumbnailUrl":"https:\/\/canarianluxury.com\/wp-content\/uploads\/2019\/10\/Lux-banner-1.jpeg","datePublished":"2019-07-27T20:27:36+00:00","dateModified":"2021-10-24T20:54:44+00:00","description":"Besoin d'aide pour acheter et vendre un bien immobilier \u00e0 Tenerife (\u00celes Canaries) ? Mettez les corv\u00e9es sur nos \u00e9paules. Nous vous accompagnons \u00e0 chaque \u00e9tape de la transaction.","breadcrumb":{"@id":"https:\/\/canarianluxury.com\/fr\/vendre-une-propriete\/#breadcrumb"},"inLanguage":"fr-FR","potentialAction":[{"@type":"ReadAction","target":["https:\/\/canarianluxury.com\/fr\/vendre-une-propriete\/"]}]},{"@type":"ImageObject","inLanguage":"fr-FR","@id":"https:\/\/canarianluxury.com\/fr\/vendre-une-propriete\/#primaryimage","url":"https:\/\/canarianluxury.com\/wp-content\/uploads\/2019\/10\/Lux-banner-1.jpeg","contentUrl":"https:\/\/canarianluxury.com\/wp-content\/uploads\/2019\/10\/Lux-banner-1.jpeg","width":1920,"height":720},{"@type":"BreadcrumbList","@id":"https:\/\/canarianluxury.com\/fr\/vendre-une-propriete\/#breadcrumb","itemListElement":[{"@type":"ListItem","position":1,"name":"Home","item":"https:\/\/canarianluxury.com\/fr\/"},{"@type":"ListItem","position":2,"name":"Vendre une propri\u00e9t\u00e9"}]},{"@type":"WebSite","@id":"https:\/\/canarianluxury.com\/fr\/#website","url":"https:\/\/canarianluxury.com\/fr\/","name":"Canarian Luxury Properties","description":"Luxury Real Estate in Tenerife","potentialAction":[{"@type":"SearchAction","target":{"@type":"EntryPoint","urlTemplate":"https:\/\/canarianluxury.com\/fr\/?s={search_term_string}"},"query-input":{"@type":"PropertyValueSpecification","valueRequired":true,"valueName":"search_term_string"}}],"inLanguage":"fr-FR"}]}},"_links":{"self":[{"href":"https:\/\/canarianluxury.com\/fr\/wp-json\/wp\/v2\/pages\/145155","targetHints":{"allow":["GET"]}}],"collection":[{"href":"https:\/\/canarianluxury.com\/fr\/wp-json\/wp\/v2\/pages"}],"about":[{"href":"https:\/\/canarianluxury.com\/fr\/wp-json\/wp\/v2\/types\/page"}],"author":[{"embeddable":true,"href":"https:\/\/canarianluxury.com\/fr\/wp-json\/wp\/v2\/users\/1"}],"replies":[{"embeddable":true,"href":"https:\/\/canarianluxury.com\/fr\/wp-json\/wp\/v2\/comments?post=145155"}],"version-history":[{"count":0,"href":"https:\/\/canarianluxury.com\/fr\/wp-json\/wp\/v2\/pages\/145155\/revisions"}],"wp:featuredmedia":[{"embeddable":true,"href":"https:\/\/canarianluxury.com\/fr\/wp-json\/wp\/v2\/media\/145147"}],"wp:attachment":[{"href":"https:\/\/canarianluxury.com\/fr\/wp-json\/wp\/v2\/media?parent=145155"}],"curies":[{"name":"wp","href":"https:\/\/api.w.org\/{rel}","templated":true}]}}