{"id":140155,"date":"2021-03-27T09:38:24","date_gmt":"2021-03-27T09:38:24","guid":{"rendered":"https:\/\/canarianluxury.com\/property-purchase-expenses\/"},"modified":"2021-08-02T17:34:26","modified_gmt":"2021-08-02T17:34:26","slug":"gastos-de-compra-de-propiedades","status":"publish","type":"page","link":"https:\/\/canarianluxury.com\/es\/gastos-de-compra-de-propiedades\/","title":{"rendered":"Gastos de compra de propiedades"},"content":{"rendered":"<div class=\"about bg-white\">\r\n    <div class=\"about--panel\">\r\n        <h3>El proceso de adquisici\u00f3n de un inmueble consta de las siguientes etapas:<\/h3>\r\n        <p class=\"lead\">Seleccionar una propiedad &#8211; firmar un contrato de reserva y pagar un dep\u00f3sito &#8211; abrir una cuenta en un banco espa\u00f1ol de su elecci\u00f3n &#8211; solicitar un N\u00famero de Identificaci\u00f3n Nacional (N.I.E) &#8211; firmar en Notario y pago de impuestos de compra y Registro de la Propiedad. Realizar cambios de suministros (Luz, Agua, Comunidad, Ayuntamientos, Etc..)<\/p>\r\n        <h3>Es importante saber que adem\u00e1s del costo de la propiedad, se paga:<\/h3>\r\n        <ul>\r\n          <li>1. En caso de adquirir una nueva propiedad (PRIMER PROPIETARIO) &#8211; 7% I.G.IC. impuesto, 1% de impuesto de Actos Jur\u00eddicos Documentados y aproximadamente 2.000 \u20ac (euros) por servicios de registro y notar\u00eda.<\/li>\r\n          <li>2. En caso de adquirir una propiedad de reventa (PROPIEDAD de segunda mano) &#8211; 6,5% de Impuesto de trasmisiones patrimoniales y unos 2.000 \u20ac (euros) por servicios de registro y notar\u00eda.<\/li>\r\n        <\/ul>\r\n    <\/div>\r\n    <!-- .about-panel end -->\r\n    <div class=\"about--panel\">\r\n        <h3>Nuestros expertos siempre le proporcionaran un c\u00e1lculo detallado para las propiedades seleccionadas. Nuestro objetivo es hacer que todo el proceso sea lo m\u00e1s transparente y comprensible posible.<\/h3>\r\n    <\/div>\r\n    <!-- .about-panel end -->\r\n<\/div>","protected":false},"excerpt":{"rendered":"<p>El proceso de adquisici\u00f3n de un inmueble consta de las siguientes etapas: Seleccionar una propiedad &#8211; firmar un contrato de reserva y pagar un dep\u00f3sito &#8211; abrir una cuenta en un banco espa\u00f1ol de su elecci\u00f3n &#8211; solicitar un N\u00famero de Identificaci\u00f3n Nacional (N.I.E) &#8211; firmar en Notario y pago de impuestos de compra y [&hellip;]<\/p>\n","protected":false},"author":1,"featured_media":3246,"parent":0,"menu_order":0,"comment_status":"closed","ping_status":"closed","template":"","meta":{"_acf_changed":false,"footnotes":""},"class_list":["post-140155","page","type-page","status-publish","has-post-thumbnail","hentry"],"acf":[],"yoast_head":"<!-- This site is optimized with the Yoast SEO plugin v27.4 - https:\/\/yoast.com\/product\/yoast-seo-wordpress\/ -->\n<title>Gastos de compra de propiedades - VYM Canarias<\/title>\n<meta name=\"description\" content=\"Gastos de compra de propiedades\" \/>\n<meta name=\"robots\" content=\"index, follow, max-snippet:-1, max-image-preview:large, max-video-preview:-1\" \/>\n<link rel=\"canonical\" href=\"https:\/\/canarianluxury.com\/es\/gastos-de-compra-de-propiedades\/\" \/>\n<meta property=\"og:locale\" content=\"es_ES\" \/>\n<meta property=\"og:type\" content=\"article\" \/>\n<meta property=\"og:title\" content=\"Gastos de compra de propiedades - VYM Canarias\" \/>\n<meta property=\"og:description\" content=\"Gastos de compra de propiedades\" \/>\n<meta property=\"og:url\" content=\"https:\/\/canarianluxury.com\/es\/gastos-de-compra-de-propiedades\/\" \/>\n<meta property=\"og:site_name\" content=\"VYM Canarias\" \/>\n<meta property=\"article:publisher\" content=\"https:\/\/www.facebook.com\/vym.canarias\" \/>\n<meta property=\"article:modified_time\" content=\"2021-08-02T17:34:26+00:00\" \/>\n<meta property=\"og:image\" content=\"https:\/\/canarianluxury.com\/wp-content\/uploads\/2019\/09\/vym-canarias-office-1.jpg\" \/>\n\t<meta property=\"og:image:width\" content=\"1920\" \/>\n\t<meta property=\"og:image:height\" content=\"350\" \/>\n\t<meta property=\"og:image:type\" content=\"image\/jpeg\" \/>\n<meta name=\"twitter:card\" content=\"summary_large_image\" \/>\n<meta name=\"twitter:label1\" content=\"Tiempo de lectura\" \/>\n\t<meta name=\"twitter:data1\" content=\"1 minuto\" \/>\n<script type=\"application\/ld+json\" class=\"yoast-schema-graph\">{\"@context\":\"https:\\\/\\\/schema.org\",\"@graph\":[{\"@type\":\"WebPage\",\"@id\":\"https:\\\/\\\/canarianluxury.com\\\/es\\\/gastos-de-compra-de-propiedades\\\/\",\"url\":\"https:\\\/\\\/canarianluxury.com\\\/es\\\/gastos-de-compra-de-propiedades\\\/\",\"name\":\"Gastos de compra de propiedades - VYM Canarias\",\"isPartOf\":{\"@id\":\"https:\\\/\\\/canarianluxury.com\\\/es\\\/#website\"},\"primaryImageOfPage\":{\"@id\":\"https:\\\/\\\/canarianluxury.com\\\/es\\\/gastos-de-compra-de-propiedades\\\/#primaryimage\"},\"image\":{\"@id\":\"https:\\\/\\\/canarianluxury.com\\\/es\\\/gastos-de-compra-de-propiedades\\\/#primaryimage\"},\"thumbnailUrl\":\"https:\\\/\\\/canarianluxury.com\\\/wp-content\\\/uploads\\\/2019\\\/09\\\/vym-canarias-office-1.jpg\",\"datePublished\":\"2021-03-27T09:38:24+00:00\",\"dateModified\":\"2021-08-02T17:34:26+00:00\",\"description\":\"Gastos de compra de propiedades\",\"breadcrumb\":{\"@id\":\"https:\\\/\\\/canarianluxury.com\\\/es\\\/gastos-de-compra-de-propiedades\\\/#breadcrumb\"},\"inLanguage\":\"es\",\"potentialAction\":[{\"@type\":\"ReadAction\",\"target\":[\"https:\\\/\\\/canarianluxury.com\\\/es\\\/gastos-de-compra-de-propiedades\\\/\"]}]},{\"@type\":\"ImageObject\",\"inLanguage\":\"es\",\"@id\":\"https:\\\/\\\/canarianluxury.com\\\/es\\\/gastos-de-compra-de-propiedades\\\/#primaryimage\",\"url\":\"https:\\\/\\\/canarianluxury.com\\\/wp-content\\\/uploads\\\/2019\\\/09\\\/vym-canarias-office-1.jpg\",\"contentUrl\":\"https:\\\/\\\/canarianluxury.com\\\/wp-content\\\/uploads\\\/2019\\\/09\\\/vym-canarias-office-1.jpg\",\"width\":1920,\"height\":350},{\"@type\":\"BreadcrumbList\",\"@id\":\"https:\\\/\\\/canarianluxury.com\\\/es\\\/gastos-de-compra-de-propiedades\\\/#breadcrumb\",\"itemListElement\":[{\"@type\":\"ListItem\",\"position\":1,\"name\":\"Home\",\"item\":\"https:\\\/\\\/canarianluxury.com\\\/es\\\/\"},{\"@type\":\"ListItem\",\"position\":2,\"name\":\"Gastos de compra de propiedades\"}]},{\"@type\":\"WebSite\",\"@id\":\"https:\\\/\\\/canarianluxury.com\\\/es\\\/#website\",\"url\":\"https:\\\/\\\/canarianluxury.com\\\/es\\\/\",\"name\":\"VYM Canarias\",\"description\":\"Real Estate - Tenerife\",\"potentialAction\":[{\"@type\":\"SearchAction\",\"target\":{\"@type\":\"EntryPoint\",\"urlTemplate\":\"https:\\\/\\\/canarianluxury.com\\\/es\\\/?s={search_term_string}\"},\"query-input\":{\"@type\":\"PropertyValueSpecification\",\"valueRequired\":true,\"valueName\":\"search_term_string\"}}],\"inLanguage\":\"es\"}]}<\/script>\n<!-- \/ Yoast SEO plugin. -->","yoast_head_json":{"title":"Gastos de compra de propiedades - VYM Canarias","description":"Gastos de compra de propiedades","robots":{"index":"index","follow":"follow","max-snippet":"max-snippet:-1","max-image-preview":"max-image-preview:large","max-video-preview":"max-video-preview:-1"},"canonical":"https:\/\/canarianluxury.com\/es\/gastos-de-compra-de-propiedades\/","og_locale":"es_ES","og_type":"article","og_title":"Gastos de compra de propiedades - VYM Canarias","og_description":"Gastos de compra de propiedades","og_url":"https:\/\/canarianluxury.com\/es\/gastos-de-compra-de-propiedades\/","og_site_name":"VYM Canarias","article_publisher":"https:\/\/www.facebook.com\/vym.canarias","article_modified_time":"2021-08-02T17:34:26+00:00","og_image":[{"width":1920,"height":350,"url":"https:\/\/canarianluxury.com\/wp-content\/uploads\/2019\/09\/vym-canarias-office-1.jpg","type":"image\/jpeg"}],"twitter_card":"summary_large_image","twitter_misc":{"Tiempo de lectura":"1 minuto"},"schema":{"@context":"https:\/\/schema.org","@graph":[{"@type":"WebPage","@id":"https:\/\/canarianluxury.com\/es\/gastos-de-compra-de-propiedades\/","url":"https:\/\/canarianluxury.com\/es\/gastos-de-compra-de-propiedades\/","name":"Gastos de compra de propiedades - VYM Canarias","isPartOf":{"@id":"https:\/\/canarianluxury.com\/es\/#website"},"primaryImageOfPage":{"@id":"https:\/\/canarianluxury.com\/es\/gastos-de-compra-de-propiedades\/#primaryimage"},"image":{"@id":"https:\/\/canarianluxury.com\/es\/gastos-de-compra-de-propiedades\/#primaryimage"},"thumbnailUrl":"https:\/\/canarianluxury.com\/wp-content\/uploads\/2019\/09\/vym-canarias-office-1.jpg","datePublished":"2021-03-27T09:38:24+00:00","dateModified":"2021-08-02T17:34:26+00:00","description":"Gastos de compra de propiedades","breadcrumb":{"@id":"https:\/\/canarianluxury.com\/es\/gastos-de-compra-de-propiedades\/#breadcrumb"},"inLanguage":"es","potentialAction":[{"@type":"ReadAction","target":["https:\/\/canarianluxury.com\/es\/gastos-de-compra-de-propiedades\/"]}]},{"@type":"ImageObject","inLanguage":"es","@id":"https:\/\/canarianluxury.com\/es\/gastos-de-compra-de-propiedades\/#primaryimage","url":"https:\/\/canarianluxury.com\/wp-content\/uploads\/2019\/09\/vym-canarias-office-1.jpg","contentUrl":"https:\/\/canarianluxury.com\/wp-content\/uploads\/2019\/09\/vym-canarias-office-1.jpg","width":1920,"height":350},{"@type":"BreadcrumbList","@id":"https:\/\/canarianluxury.com\/es\/gastos-de-compra-de-propiedades\/#breadcrumb","itemListElement":[{"@type":"ListItem","position":1,"name":"Home","item":"https:\/\/canarianluxury.com\/es\/"},{"@type":"ListItem","position":2,"name":"Gastos de compra de propiedades"}]},{"@type":"WebSite","@id":"https:\/\/canarianluxury.com\/es\/#website","url":"https:\/\/canarianluxury.com\/es\/","name":"VYM Canarias","description":"Real Estate - Tenerife","potentialAction":[{"@type":"SearchAction","target":{"@type":"EntryPoint","urlTemplate":"https:\/\/canarianluxury.com\/es\/?s={search_term_string}"},"query-input":{"@type":"PropertyValueSpecification","valueRequired":true,"valueName":"search_term_string"}}],"inLanguage":"es"}]}},"_links":{"self":[{"href":"https:\/\/canarianluxury.com\/es\/wp-json\/wp\/v2\/pages\/140155","targetHints":{"allow":["GET"]}}],"collection":[{"href":"https:\/\/canarianluxury.com\/es\/wp-json\/wp\/v2\/pages"}],"about":[{"href":"https:\/\/canarianluxury.com\/es\/wp-json\/wp\/v2\/types\/page"}],"author":[{"embeddable":true,"href":"https:\/\/canarianluxury.com\/es\/wp-json\/wp\/v2\/users\/1"}],"replies":[{"embeddable":true,"href":"https:\/\/canarianluxury.com\/es\/wp-json\/wp\/v2\/comments?post=140155"}],"version-history":[{"count":0,"href":"https:\/\/canarianluxury.com\/es\/wp-json\/wp\/v2\/pages\/140155\/revisions"}],"wp:featuredmedia":[{"embeddable":true,"href":"https:\/\/canarianluxury.com\/es\/wp-json\/wp\/v2\/media\/3246"}],"wp:attachment":[{"href":"https:\/\/canarianluxury.com\/es\/wp-json\/wp\/v2\/media?parent=140155"}],"curies":[{"name":"wp","href":"https:\/\/api.w.org\/{rel}","templated":true}]}}