{"id":140118,"date":"2021-03-27T09:31:11","date_gmt":"2021-03-27T09:31:11","guid":{"rendered":"https:\/\/canarianluxury.com\/services\/"},"modified":"2021-08-02T17:59:20","modified_gmt":"2021-08-02T17:59:20","slug":"servicios","status":"publish","type":"page","link":"https:\/\/canarianluxury.com\/es\/servicios\/","title":{"rendered":"Servicios"},"content":{"rendered":"<div class=\"about bg-white\">\r\n  <div>\r\n      <div class=\"heading heading-3\">\r\n          <h2 class=\"heading--title mb-30\">Canarian Luxury Servicios<\/small><\/h2>\r\n      <\/div>\r\n      <!-- .heading-title end -->\r\n      <div class=\"about--panel\">\r\n          <h3>Ofrecemos nuestro V.I.P. clientes una amplia gama de servicios, que no se limita \u00fanicamente a la compra de inmuebles.<\/h3>\r\n          <h3>Siempre estamos encantados de ayudarle:<\/h3>\r\n          <ul>\r\n            <li>Podemos organizar una visita tur\u00edstica individual a la isla;<\/li>\r\n            <li>Alquiler de coches exclusivos;<\/li>\r\n            <li>Alquiler de yates u organizar un viaje por mar a las islas;<\/li>\r\n            <li>Reserva mesas en los mejores restaurantes de la isla;<\/li>\r\n            <li>Decora tu hogar con la ayuda de dise\u00f1adores cualificados;<\/li>\r\n            <li>Haga un proyecto de construcci\u00f3n de una casa o un proyecto de reforma importante.<\/li>       \r\n          <\/ul>\r\n      <\/div>\r\n      <!-- .about-panel end -->\r\n      <div class=\"about--panel\">\r\n          <h3>Adem\u00e1s, nuestros expertos siempre est\u00e1n disponibles para cualquier problema dom\u00e9stico u organizativo.<\/h3>\r\n      <\/div>\r\n      <!-- .about-panel end -->\r\n  <\/div>\r\n<\/div>","protected":false},"excerpt":{"rendered":"<p>Canarian Luxury Servicios Ofrecemos nuestro V.I.P. clientes una amplia gama de servicios, que no se limita \u00fanicamente a la compra de inmuebles. Siempre estamos encantados de ayudarle: Podemos organizar una visita tur\u00edstica individual a la isla; Alquiler de coches exclusivos; Alquiler de yates u organizar un viaje por mar a las islas; Reserva mesas en [&hellip;]<\/p>\n","protected":false},"author":1,"featured_media":139157,"parent":0,"menu_order":0,"comment_status":"closed","ping_status":"closed","template":"","meta":{"_acf_changed":false,"footnotes":""},"class_list":["post-140118","page","type-page","status-publish","has-post-thumbnail","hentry"],"acf":[],"yoast_head":"<!-- This site is optimized with the Yoast SEO plugin v27.5 - https:\/\/yoast.com\/product\/yoast-seo-wordpress\/ -->\n<title>Servicios - VYM Canarias<\/title>\n<meta name=\"description\" content=\"Servicios\" \/>\n<meta name=\"robots\" content=\"index, follow, max-snippet:-1, max-image-preview:large, max-video-preview:-1\" \/>\n<link rel=\"canonical\" href=\"https:\/\/canarianluxury.com\/es\/servicios\/\" \/>\n<meta property=\"og:locale\" content=\"es_ES\" \/>\n<meta property=\"og:type\" content=\"article\" \/>\n<meta property=\"og:title\" content=\"Servicios - VYM Canarias\" \/>\n<meta property=\"og:description\" content=\"Servicios\" \/>\n<meta property=\"og:url\" content=\"https:\/\/canarianluxury.com\/es\/servicios\/\" \/>\n<meta property=\"og:site_name\" content=\"VYM Canarias\" \/>\n<meta property=\"article:publisher\" content=\"https:\/\/www.facebook.com\/vym.canarias\" \/>\n<meta property=\"article:modified_time\" content=\"2021-08-02T17:59:20+00:00\" \/>\n<meta property=\"og:image\" content=\"https:\/\/canarianluxury.com\/wp-content\/uploads\/2019\/10\/Lux-banner-1.jpeg\" \/>\n\t<meta property=\"og:image:width\" content=\"1920\" \/>\n\t<meta property=\"og:image:height\" content=\"720\" \/>\n\t<meta property=\"og:image:type\" content=\"image\/jpeg\" \/>\n<meta name=\"twitter:card\" content=\"summary_large_image\" \/>\n<meta name=\"twitter:label1\" content=\"Tiempo de lectura\" \/>\n\t<meta name=\"twitter:data1\" content=\"1 minuto\" \/>\n<script type=\"application\/ld+json\" class=\"yoast-schema-graph\">{\"@context\":\"https:\\\/\\\/schema.org\",\"@graph\":[{\"@type\":\"WebPage\",\"@id\":\"https:\\\/\\\/canarianluxury.com\\\/es\\\/servicios\\\/\",\"url\":\"https:\\\/\\\/canarianluxury.com\\\/es\\\/servicios\\\/\",\"name\":\"Servicios - VYM Canarias\",\"isPartOf\":{\"@id\":\"https:\\\/\\\/canarianluxury.com\\\/es\\\/#website\"},\"primaryImageOfPage\":{\"@id\":\"https:\\\/\\\/canarianluxury.com\\\/es\\\/servicios\\\/#primaryimage\"},\"image\":{\"@id\":\"https:\\\/\\\/canarianluxury.com\\\/es\\\/servicios\\\/#primaryimage\"},\"thumbnailUrl\":\"https:\\\/\\\/canarianluxury.com\\\/wp-content\\\/uploads\\\/2019\\\/10\\\/Lux-banner-1.jpeg\",\"datePublished\":\"2021-03-27T09:31:11+00:00\",\"dateModified\":\"2021-08-02T17:59:20+00:00\",\"description\":\"Servicios\",\"breadcrumb\":{\"@id\":\"https:\\\/\\\/canarianluxury.com\\\/es\\\/servicios\\\/#breadcrumb\"},\"inLanguage\":\"es\",\"potentialAction\":[{\"@type\":\"ReadAction\",\"target\":[\"https:\\\/\\\/canarianluxury.com\\\/es\\\/servicios\\\/\"]}]},{\"@type\":\"ImageObject\",\"inLanguage\":\"es\",\"@id\":\"https:\\\/\\\/canarianluxury.com\\\/es\\\/servicios\\\/#primaryimage\",\"url\":\"https:\\\/\\\/canarianluxury.com\\\/wp-content\\\/uploads\\\/2019\\\/10\\\/Lux-banner-1.jpeg\",\"contentUrl\":\"https:\\\/\\\/canarianluxury.com\\\/wp-content\\\/uploads\\\/2019\\\/10\\\/Lux-banner-1.jpeg\",\"width\":1920,\"height\":720},{\"@type\":\"BreadcrumbList\",\"@id\":\"https:\\\/\\\/canarianluxury.com\\\/es\\\/servicios\\\/#breadcrumb\",\"itemListElement\":[{\"@type\":\"ListItem\",\"position\":1,\"name\":\"Home\",\"item\":\"https:\\\/\\\/canarianluxury.com\\\/es\\\/\"},{\"@type\":\"ListItem\",\"position\":2,\"name\":\"Servicios\"}]},{\"@type\":\"WebSite\",\"@id\":\"https:\\\/\\\/canarianluxury.com\\\/es\\\/#website\",\"url\":\"https:\\\/\\\/canarianluxury.com\\\/es\\\/\",\"name\":\"VYM Canarias\",\"description\":\"Real Estate - Tenerife\",\"potentialAction\":[{\"@type\":\"SearchAction\",\"target\":{\"@type\":\"EntryPoint\",\"urlTemplate\":\"https:\\\/\\\/canarianluxury.com\\\/es\\\/?s={search_term_string}\"},\"query-input\":{\"@type\":\"PropertyValueSpecification\",\"valueRequired\":true,\"valueName\":\"search_term_string\"}}],\"inLanguage\":\"es\"}]}<\/script>\n<!-- \/ Yoast SEO plugin. -->","yoast_head_json":{"title":"Servicios - VYM Canarias","description":"Servicios","robots":{"index":"index","follow":"follow","max-snippet":"max-snippet:-1","max-image-preview":"max-image-preview:large","max-video-preview":"max-video-preview:-1"},"canonical":"https:\/\/canarianluxury.com\/es\/servicios\/","og_locale":"es_ES","og_type":"article","og_title":"Servicios - VYM Canarias","og_description":"Servicios","og_url":"https:\/\/canarianluxury.com\/es\/servicios\/","og_site_name":"VYM Canarias","article_publisher":"https:\/\/www.facebook.com\/vym.canarias","article_modified_time":"2021-08-02T17:59:20+00:00","og_image":[{"width":1920,"height":720,"url":"https:\/\/canarianluxury.com\/wp-content\/uploads\/2019\/10\/Lux-banner-1.jpeg","type":"image\/jpeg"}],"twitter_card":"summary_large_image","twitter_misc":{"Tiempo de lectura":"1 minuto"},"schema":{"@context":"https:\/\/schema.org","@graph":[{"@type":"WebPage","@id":"https:\/\/canarianluxury.com\/es\/servicios\/","url":"https:\/\/canarianluxury.com\/es\/servicios\/","name":"Servicios - VYM Canarias","isPartOf":{"@id":"https:\/\/canarianluxury.com\/es\/#website"},"primaryImageOfPage":{"@id":"https:\/\/canarianluxury.com\/es\/servicios\/#primaryimage"},"image":{"@id":"https:\/\/canarianluxury.com\/es\/servicios\/#primaryimage"},"thumbnailUrl":"https:\/\/canarianluxury.com\/wp-content\/uploads\/2019\/10\/Lux-banner-1.jpeg","datePublished":"2021-03-27T09:31:11+00:00","dateModified":"2021-08-02T17:59:20+00:00","description":"Servicios","breadcrumb":{"@id":"https:\/\/canarianluxury.com\/es\/servicios\/#breadcrumb"},"inLanguage":"es","potentialAction":[{"@type":"ReadAction","target":["https:\/\/canarianluxury.com\/es\/servicios\/"]}]},{"@type":"ImageObject","inLanguage":"es","@id":"https:\/\/canarianluxury.com\/es\/servicios\/#primaryimage","url":"https:\/\/canarianluxury.com\/wp-content\/uploads\/2019\/10\/Lux-banner-1.jpeg","contentUrl":"https:\/\/canarianluxury.com\/wp-content\/uploads\/2019\/10\/Lux-banner-1.jpeg","width":1920,"height":720},{"@type":"BreadcrumbList","@id":"https:\/\/canarianluxury.com\/es\/servicios\/#breadcrumb","itemListElement":[{"@type":"ListItem","position":1,"name":"Home","item":"https:\/\/canarianluxury.com\/es\/"},{"@type":"ListItem","position":2,"name":"Servicios"}]},{"@type":"WebSite","@id":"https:\/\/canarianluxury.com\/es\/#website","url":"https:\/\/canarianluxury.com\/es\/","name":"VYM Canarias","description":"Real Estate - Tenerife","potentialAction":[{"@type":"SearchAction","target":{"@type":"EntryPoint","urlTemplate":"https:\/\/canarianluxury.com\/es\/?s={search_term_string}"},"query-input":{"@type":"PropertyValueSpecification","valueRequired":true,"valueName":"search_term_string"}}],"inLanguage":"es"}]}},"_links":{"self":[{"href":"https:\/\/canarianluxury.com\/es\/wp-json\/wp\/v2\/pages\/140118","targetHints":{"allow":["GET"]}}],"collection":[{"href":"https:\/\/canarianluxury.com\/es\/wp-json\/wp\/v2\/pages"}],"about":[{"href":"https:\/\/canarianluxury.com\/es\/wp-json\/wp\/v2\/types\/page"}],"author":[{"embeddable":true,"href":"https:\/\/canarianluxury.com\/es\/wp-json\/wp\/v2\/users\/1"}],"replies":[{"embeddable":true,"href":"https:\/\/canarianluxury.com\/es\/wp-json\/wp\/v2\/comments?post=140118"}],"version-history":[{"count":0,"href":"https:\/\/canarianluxury.com\/es\/wp-json\/wp\/v2\/pages\/140118\/revisions"}],"wp:featuredmedia":[{"embeddable":true,"href":"https:\/\/canarianluxury.com\/es\/wp-json\/wp\/v2\/media\/139157"}],"wp:attachment":[{"href":"https:\/\/canarianluxury.com\/es\/wp-json\/wp\/v2\/media?parent=140118"}],"curies":[{"name":"wp","href":"https:\/\/api.w.org\/{rel}","templated":true}]}}